{"id":138,"date":"2024-06-20T23:20:46","date_gmt":"2024-06-20T21:20:46","guid":{"rendered":"http:\/\/shmuel"},"modified":"2024-06-21T01:14:40","modified_gmt":"2024-06-20T23:14:40","slug":"sel","status":"publish","type":"product","link":"https:\/\/crobin.eleves.mediamatique.ch\/essertines_essentials\/produit\/sel\/","title":{"rendered":"Sel"},"content":{"rendered":"<p>Notre sel de haute qualit\u00e9 est parfait pour rehausser le go\u00fbt de vos plats. Pur et naturel, il apporte une saveur authentique \u00e0 toutes vos recettes, des plus simples aux plus \u00e9labor\u00e9es. Id\u00e9al pour la cuisine quotidienne et les occasions sp\u00e9ciales, ce sel est un indispensable de votre garde-manger<\/p>\n","protected":false},"excerpt":{"rendered":"<p>Notre sel de haute qualit\u00e9 est parfait pour rehausser le go\u00fbt de vos plats. Pur et naturel, il apporte une saveur authentique \u00e0 toutes vos recettes, des plus simples aux plus \u00e9labor\u00e9es. Id\u00e9al pour la cuisine quotidienne et les occasions sp\u00e9ciales, ce sel est un indispensable de votre garde-manger<\/p>\n","protected":false},"featured_media":52,"comment_status":"open","ping_status":"closed","template":"","meta":[],"product_cat":[27],"product_tag":[],"class_list":{"0":"post-138","1":"product","2":"type-product","3":"status-publish","4":"has-post-thumbnail","6":"product_cat-uncategorized","8":"first","9":"instock","10":"shipping-taxable","11":"purchasable","12":"product-type-variable"},"yoast_head":"<!-- This site is optimized with the Yoast SEO plugin v22.9 - https:\/\/yoast.com\/wordpress\/plugins\/seo\/ -->\n<title>Sel - Essertines Essentials<\/title>\n<meta name=\"robots\" content=\"index, follow, max-snippet:-1, max-image-preview:large, max-video-preview:-1\" \/>\n<link rel=\"canonical\" href=\"https:\/\/crobin.eleves.mediamatique.ch\/essertines_essentials\/produit\/sel\/\" \/>\n<meta property=\"og:locale\" content=\"fr_FR\" \/>\n<meta property=\"og:type\" content=\"article\" \/>\n<meta property=\"og:title\" content=\"Sel - Essertines Essentials\" \/>\n<meta property=\"og:description\" content=\"Notre sel de haute qualit\u00e9 est parfait pour rehausser le go\u00fbt de vos plats. Pur et naturel, il apporte une saveur authentique \u00e0 toutes vos recettes, des plus simples aux plus \u00e9labor\u00e9es. Id\u00e9al pour la cuisine quotidienne et les occasions sp\u00e9ciales, ce sel est un indispensable de votre garde-manger\" \/>\n<meta property=\"og:url\" content=\"https:\/\/crobin.eleves.mediamatique.ch\/essertines_essentials\/produit\/sel\/\" \/>\n<meta property=\"og:site_name\" content=\"Essertines Essentials\" \/>\n<meta property=\"article:modified_time\" content=\"2024-06-20T23:14:40+00:00\" \/>\n<meta property=\"og:image\" content=\"https:\/\/crobin.eleves.mediamatique.ch\/essertines_essentials\/wp-content\/uploads\/2024\/06\/grey-sea-salt-coarse-sel-gris-marin-500g.jpg\" \/>\n\t<meta property=\"og:image:width\" content=\"1920\" \/>\n\t<meta property=\"og:image:height\" content=\"1920\" \/>\n\t<meta property=\"og:image:type\" content=\"image\/jpeg\" \/>\n<meta name=\"twitter:card\" content=\"summary_large_image\" \/>\n<script type=\"application\/ld+json\" class=\"yoast-schema-graph\">{\"@context\":\"https:\/\/schema.org\",\"@graph\":[{\"@type\":\"WebPage\",\"@id\":\"https:\/\/crobin.eleves.mediamatique.ch\/essertines_essentials\/produit\/sel\/\",\"url\":\"https:\/\/crobin.eleves.mediamatique.ch\/essertines_essentials\/produit\/sel\/\",\"name\":\"Sel - Essertines Essentials\",\"isPartOf\":{\"@id\":\"https:\/\/crobin.eleves.mediamatique.ch\/essertines_essentials\/#website\"},\"primaryImageOfPage\":{\"@id\":\"https:\/\/crobin.eleves.mediamatique.ch\/essertines_essentials\/produit\/sel\/#primaryimage\"},\"image\":{\"@id\":\"https:\/\/crobin.eleves.mediamatique.ch\/essertines_essentials\/produit\/sel\/#primaryimage\"},\"thumbnailUrl\":\"https:\/\/crobin.eleves.mediamatique.ch\/essertines_essentials\/wp-content\/uploads\/2024\/06\/grey-sea-salt-coarse-sel-gris-marin-500g.jpg\",\"datePublished\":\"2024-06-20T21:20:46+00:00\",\"dateModified\":\"2024-06-20T23:14:40+00:00\",\"breadcrumb\":{\"@id\":\"https:\/\/crobin.eleves.mediamatique.ch\/essertines_essentials\/produit\/sel\/#breadcrumb\"},\"inLanguage\":\"fr-FR\",\"potentialAction\":[{\"@type\":\"ReadAction\",\"target\":[\"https:\/\/crobin.eleves.mediamatique.ch\/essertines_essentials\/produit\/sel\/\"]}]},{\"@type\":\"ImageObject\",\"inLanguage\":\"fr-FR\",\"@id\":\"https:\/\/crobin.eleves.mediamatique.ch\/essertines_essentials\/produit\/sel\/#primaryimage\",\"url\":\"https:\/\/crobin.eleves.mediamatique.ch\/essertines_essentials\/wp-content\/uploads\/2024\/06\/grey-sea-salt-coarse-sel-gris-marin-500g.jpg\",\"contentUrl\":\"https:\/\/crobin.eleves.mediamatique.ch\/essertines_essentials\/wp-content\/uploads\/2024\/06\/grey-sea-salt-coarse-sel-gris-marin-500g.jpg\",\"width\":1920,\"height\":1920},{\"@type\":\"BreadcrumbList\",\"@id\":\"https:\/\/crobin.eleves.mediamatique.ch\/essertines_essentials\/produit\/sel\/#breadcrumb\",\"itemListElement\":[{\"@type\":\"ListItem\",\"position\":1,\"name\":\"Accueil\",\"item\":\"https:\/\/crobin.eleves.mediamatique.ch\/essertines_essentials\/\"},{\"@type\":\"ListItem\",\"position\":2,\"name\":\"Produits\",\"item\":\"https:\/\/crobin.eleves.mediamatique.ch\/essertines_essentials\/boutique__trashed\/\"},{\"@type\":\"ListItem\",\"position\":3,\"name\":\"Sel\"}]},{\"@type\":\"WebSite\",\"@id\":\"https:\/\/crobin.eleves.mediamatique.ch\/essertines_essentials\/#website\",\"url\":\"https:\/\/crobin.eleves.mediamatique.ch\/essertines_essentials\/\",\"name\":\"Essertines Essentials\",\"description\":\"\",\"publisher\":{\"@id\":\"https:\/\/crobin.eleves.mediamatique.ch\/essertines_essentials\/#organization\"},\"potentialAction\":[{\"@type\":\"SearchAction\",\"target\":{\"@type\":\"EntryPoint\",\"urlTemplate\":\"https:\/\/crobin.eleves.mediamatique.ch\/essertines_essentials\/?s={search_term_string}\"},\"query-input\":\"required name=search_term_string\"}],\"inLanguage\":\"fr-FR\"},{\"@type\":\"Organization\",\"@id\":\"https:\/\/crobin.eleves.mediamatique.ch\/essertines_essentials\/#organization\",\"name\":\"Essertines Essentials\",\"url\":\"https:\/\/crobin.eleves.mediamatique.ch\/essertines_essentials\/\",\"logo\":{\"@type\":\"ImageObject\",\"inLanguage\":\"fr-FR\",\"@id\":\"https:\/\/crobin.eleves.mediamatique.ch\/essertines_essentials\/#\/schema\/logo\/image\/\",\"url\":\"https:\/\/crobin.eleves.mediamatique.ch\/essertines_essentials\/wp-content\/uploads\/2024\/06\/6832-Converti-01.png\",\"contentUrl\":\"https:\/\/crobin.eleves.mediamatique.ch\/essertines_essentials\/wp-content\/uploads\/2024\/06\/6832-Converti-01.png\",\"width\":4675,\"height\":4675,\"caption\":\"Essertines Essentials\"},\"image\":{\"@id\":\"https:\/\/crobin.eleves.mediamatique.ch\/essertines_essentials\/#\/schema\/logo\/image\/\"}}]}<\/script>\n<!-- \/ Yoast SEO plugin. -->","yoast_head_json":{"title":"Sel - Essertines Essentials","robots":{"index":"index","follow":"follow","max-snippet":"max-snippet:-1","max-image-preview":"max-image-preview:large","max-video-preview":"max-video-preview:-1"},"canonical":"https:\/\/crobin.eleves.mediamatique.ch\/essertines_essentials\/produit\/sel\/","og_locale":"fr_FR","og_type":"article","og_title":"Sel - Essertines Essentials","og_description":"Notre sel de haute qualit\u00e9 est parfait pour rehausser le go\u00fbt de vos plats. Pur et naturel, il apporte une saveur authentique \u00e0 toutes vos recettes, des plus simples aux plus \u00e9labor\u00e9es. Id\u00e9al pour la cuisine quotidienne et les occasions sp\u00e9ciales, ce sel est un indispensable de votre garde-manger","og_url":"https:\/\/crobin.eleves.mediamatique.ch\/essertines_essentials\/produit\/sel\/","og_site_name":"Essertines Essentials","article_modified_time":"2024-06-20T23:14:40+00:00","og_image":[{"width":1920,"height":1920,"url":"https:\/\/crobin.eleves.mediamatique.ch\/essertines_essentials\/wp-content\/uploads\/2024\/06\/grey-sea-salt-coarse-sel-gris-marin-500g.jpg","type":"image\/jpeg"}],"twitter_card":"summary_large_image","schema":{"@context":"https:\/\/schema.org","@graph":[{"@type":"WebPage","@id":"https:\/\/crobin.eleves.mediamatique.ch\/essertines_essentials\/produit\/sel\/","url":"https:\/\/crobin.eleves.mediamatique.ch\/essertines_essentials\/produit\/sel\/","name":"Sel - Essertines Essentials","isPartOf":{"@id":"https:\/\/crobin.eleves.mediamatique.ch\/essertines_essentials\/#website"},"primaryImageOfPage":{"@id":"https:\/\/crobin.eleves.mediamatique.ch\/essertines_essentials\/produit\/sel\/#primaryimage"},"image":{"@id":"https:\/\/crobin.eleves.mediamatique.ch\/essertines_essentials\/produit\/sel\/#primaryimage"},"thumbnailUrl":"https:\/\/crobin.eleves.mediamatique.ch\/essertines_essentials\/wp-content\/uploads\/2024\/06\/grey-sea-salt-coarse-sel-gris-marin-500g.jpg","datePublished":"2024-06-20T21:20:46+00:00","dateModified":"2024-06-20T23:14:40+00:00","breadcrumb":{"@id":"https:\/\/crobin.eleves.mediamatique.ch\/essertines_essentials\/produit\/sel\/#breadcrumb"},"inLanguage":"fr-FR","potentialAction":[{"@type":"ReadAction","target":["https:\/\/crobin.eleves.mediamatique.ch\/essertines_essentials\/produit\/sel\/"]}]},{"@type":"ImageObject","inLanguage":"fr-FR","@id":"https:\/\/crobin.eleves.mediamatique.ch\/essertines_essentials\/produit\/sel\/#primaryimage","url":"https:\/\/crobin.eleves.mediamatique.ch\/essertines_essentials\/wp-content\/uploads\/2024\/06\/grey-sea-salt-coarse-sel-gris-marin-500g.jpg","contentUrl":"https:\/\/crobin.eleves.mediamatique.ch\/essertines_essentials\/wp-content\/uploads\/2024\/06\/grey-sea-salt-coarse-sel-gris-marin-500g.jpg","width":1920,"height":1920},{"@type":"BreadcrumbList","@id":"https:\/\/crobin.eleves.mediamatique.ch\/essertines_essentials\/produit\/sel\/#breadcrumb","itemListElement":[{"@type":"ListItem","position":1,"name":"Accueil","item":"https:\/\/crobin.eleves.mediamatique.ch\/essertines_essentials\/"},{"@type":"ListItem","position":2,"name":"Produits","item":"https:\/\/crobin.eleves.mediamatique.ch\/essertines_essentials\/boutique__trashed\/"},{"@type":"ListItem","position":3,"name":"Sel"}]},{"@type":"WebSite","@id":"https:\/\/crobin.eleves.mediamatique.ch\/essertines_essentials\/#website","url":"https:\/\/crobin.eleves.mediamatique.ch\/essertines_essentials\/","name":"Essertines Essentials","description":"","publisher":{"@id":"https:\/\/crobin.eleves.mediamatique.ch\/essertines_essentials\/#organization"},"potentialAction":[{"@type":"SearchAction","target":{"@type":"EntryPoint","urlTemplate":"https:\/\/crobin.eleves.mediamatique.ch\/essertines_essentials\/?s={search_term_string}"},"query-input":"required name=search_term_string"}],"inLanguage":"fr-FR"},{"@type":"Organization","@id":"https:\/\/crobin.eleves.mediamatique.ch\/essertines_essentials\/#organization","name":"Essertines Essentials","url":"https:\/\/crobin.eleves.mediamatique.ch\/essertines_essentials\/","logo":{"@type":"ImageObject","inLanguage":"fr-FR","@id":"https:\/\/crobin.eleves.mediamatique.ch\/essertines_essentials\/#\/schema\/logo\/image\/","url":"https:\/\/crobin.eleves.mediamatique.ch\/essertines_essentials\/wp-content\/uploads\/2024\/06\/6832-Converti-01.png","contentUrl":"https:\/\/crobin.eleves.mediamatique.ch\/essertines_essentials\/wp-content\/uploads\/2024\/06\/6832-Converti-01.png","width":4675,"height":4675,"caption":"Essertines Essentials"},"image":{"@id":"https:\/\/crobin.eleves.mediamatique.ch\/essertines_essentials\/#\/schema\/logo\/image\/"}}]}},"_links":{"self":[{"href":"https:\/\/crobin.eleves.mediamatique.ch\/essertines_essentials\/wp-json\/wp\/v2\/product\/138","targetHints":{"allow":["GET"]}}],"collection":[{"href":"https:\/\/crobin.eleves.mediamatique.ch\/essertines_essentials\/wp-json\/wp\/v2\/product"}],"about":[{"href":"https:\/\/crobin.eleves.mediamatique.ch\/essertines_essentials\/wp-json\/wp\/v2\/types\/product"}],"replies":[{"embeddable":true,"href":"https:\/\/crobin.eleves.mediamatique.ch\/essertines_essentials\/wp-json\/wp\/v2\/comments?post=138"}],"wp:featuredmedia":[{"embeddable":true,"href":"https:\/\/crobin.eleves.mediamatique.ch\/essertines_essentials\/wp-json\/wp\/v2\/media\/52"}],"wp:attachment":[{"href":"https:\/\/crobin.eleves.mediamatique.ch\/essertines_essentials\/wp-json\/wp\/v2\/media?parent=138"}],"wp:term":[{"taxonomy":"product_cat","embeddable":true,"href":"https:\/\/crobin.eleves.mediamatique.ch\/essertines_essentials\/wp-json\/wp\/v2\/product_cat?post=138"},{"taxonomy":"product_tag","embeddable":true,"href":"https:\/\/crobin.eleves.mediamatique.ch\/essertines_essentials\/wp-json\/wp\/v2\/product_tag?post=138"}],"curies":[{"name":"wp","href":"https:\/\/api.w.org\/{rel}","templated":true}]}}