{"id":152,"date":"2024-06-20T23:20:48","date_gmt":"2024-06-20T21:20:48","guid":{"rendered":"http:\/\/shmuel"},"modified":"2024-06-21T01:13:20","modified_gmt":"2024-06-20T23:13:20","slug":"papier-toilette","status":"publish","type":"product","link":"https:\/\/crobin.eleves.mediamatique.ch\/essertines_essentials\/produit\/papier-toilette\/","title":{"rendered":"Papier toilette"},"content":{"rendered":"<p>D\u00e9couvrez notre papier toilette de haute qualit\u00e9, disponible en deux options : doux et \u00e9pais. Con\u00e7u pour offrir un confort optimal, notre papier toilette doux est d\u00e9licatement moelleux pour une sensation de douceur in\u00e9gal\u00e9e. Pour ceux qui privil\u00e9gient la robustesse, notre papier toilette \u00e9pais offre une r\u00e9sistance sup\u00e9rieure tout en restant agr\u00e9ablement confortable. Choisissez la meilleure option pour r\u00e9pondre \u00e0 vos besoins quotidiens et profitez d&rsquo;une exp\u00e9rience hygi\u00e9nique et confortable \u00e0 chaque utilisation.<\/p>\n","protected":false},"excerpt":{"rendered":"<p>D\u00e9couvrez notre papier toilette de haute qualit\u00e9, disponible en deux options : doux et \u00e9pais. Con\u00e7u pour offrir un confort optimal, notre papier toilette doux est d\u00e9licatement moelleux pour une sensation de douceur in\u00e9gal\u00e9e. Pour ceux qui privil\u00e9gient la robustesse, notre papier toilette \u00e9pais offre une r\u00e9sistance sup\u00e9rieure tout en restant agr\u00e9ablement confortable. Choisissez la [&hellip;]<\/p>\n","protected":false},"featured_media":66,"comment_status":"open","ping_status":"closed","template":"","meta":[],"product_cat":[27],"product_tag":[],"class_list":{"0":"post-152","1":"product","2":"type-product","3":"status-publish","4":"has-post-thumbnail","6":"product_cat-uncategorized","8":"first","9":"instock","10":"featured","11":"shipping-taxable","12":"purchasable","13":"product-type-variable"},"yoast_head":"<!-- This site is optimized with the Yoast SEO plugin v22.9 - https:\/\/yoast.com\/wordpress\/plugins\/seo\/ -->\n<title>Papier toilette - Essertines Essentials<\/title>\n<meta name=\"robots\" content=\"index, follow, max-snippet:-1, max-image-preview:large, max-video-preview:-1\" \/>\n<link rel=\"canonical\" href=\"https:\/\/crobin.eleves.mediamatique.ch\/essertines_essentials\/produit\/papier-toilette\/\" \/>\n<meta property=\"og:locale\" content=\"fr_FR\" \/>\n<meta property=\"og:type\" content=\"article\" \/>\n<meta property=\"og:title\" content=\"Papier toilette - Essertines Essentials\" \/>\n<meta property=\"og:description\" content=\"D\u00e9couvrez notre papier toilette de haute qualit\u00e9, disponible en deux options : doux et \u00e9pais. Con\u00e7u pour offrir un confort optimal, notre papier toilette doux est d\u00e9licatement moelleux pour une sensation de douceur in\u00e9gal\u00e9e. Pour ceux qui privil\u00e9gient la robustesse, notre papier toilette \u00e9pais offre une r\u00e9sistance sup\u00e9rieure tout en restant agr\u00e9ablement confortable. Choisissez la [&hellip;]\" \/>\n<meta property=\"og:url\" content=\"https:\/\/crobin.eleves.mediamatique.ch\/essertines_essentials\/produit\/papier-toilette\/\" \/>\n<meta property=\"og:site_name\" content=\"Essertines Essentials\" \/>\n<meta property=\"article:modified_time\" content=\"2024-06-20T23:13:20+00:00\" \/>\n<meta property=\"og:image\" content=\"https:\/\/crobin.eleves.mediamatique.ch\/essertines_essentials\/wp-content\/uploads\/2024\/06\/619gsE3vAmL.jpg\" \/>\n\t<meta property=\"og:image:width\" content=\"1600\" \/>\n\t<meta property=\"og:image:height\" content=\"1600\" \/>\n\t<meta property=\"og:image:type\" content=\"image\/jpeg\" \/>\n<meta name=\"twitter:card\" content=\"summary_large_image\" \/>\n<script type=\"application\/ld+json\" class=\"yoast-schema-graph\">{\"@context\":\"https:\/\/schema.org\",\"@graph\":[{\"@type\":\"WebPage\",\"@id\":\"https:\/\/crobin.eleves.mediamatique.ch\/essertines_essentials\/produit\/papier-toilette\/\",\"url\":\"https:\/\/crobin.eleves.mediamatique.ch\/essertines_essentials\/produit\/papier-toilette\/\",\"name\":\"Papier toilette - Essertines Essentials\",\"isPartOf\":{\"@id\":\"https:\/\/crobin.eleves.mediamatique.ch\/essertines_essentials\/#website\"},\"primaryImageOfPage\":{\"@id\":\"https:\/\/crobin.eleves.mediamatique.ch\/essertines_essentials\/produit\/papier-toilette\/#primaryimage\"},\"image\":{\"@id\":\"https:\/\/crobin.eleves.mediamatique.ch\/essertines_essentials\/produit\/papier-toilette\/#primaryimage\"},\"thumbnailUrl\":\"https:\/\/crobin.eleves.mediamatique.ch\/essertines_essentials\/wp-content\/uploads\/2024\/06\/619gsE3vAmL.jpg\",\"datePublished\":\"2024-06-20T21:20:48+00:00\",\"dateModified\":\"2024-06-20T23:13:20+00:00\",\"breadcrumb\":{\"@id\":\"https:\/\/crobin.eleves.mediamatique.ch\/essertines_essentials\/produit\/papier-toilette\/#breadcrumb\"},\"inLanguage\":\"fr-FR\",\"potentialAction\":[{\"@type\":\"ReadAction\",\"target\":[\"https:\/\/crobin.eleves.mediamatique.ch\/essertines_essentials\/produit\/papier-toilette\/\"]}]},{\"@type\":\"ImageObject\",\"inLanguage\":\"fr-FR\",\"@id\":\"https:\/\/crobin.eleves.mediamatique.ch\/essertines_essentials\/produit\/papier-toilette\/#primaryimage\",\"url\":\"https:\/\/crobin.eleves.mediamatique.ch\/essertines_essentials\/wp-content\/uploads\/2024\/06\/619gsE3vAmL.jpg\",\"contentUrl\":\"https:\/\/crobin.eleves.mediamatique.ch\/essertines_essentials\/wp-content\/uploads\/2024\/06\/619gsE3vAmL.jpg\",\"width\":1600,\"height\":1600,\"caption\":\"Version 1.0.0\"},{\"@type\":\"BreadcrumbList\",\"@id\":\"https:\/\/crobin.eleves.mediamatique.ch\/essertines_essentials\/produit\/papier-toilette\/#breadcrumb\",\"itemListElement\":[{\"@type\":\"ListItem\",\"position\":1,\"name\":\"Accueil\",\"item\":\"https:\/\/crobin.eleves.mediamatique.ch\/essertines_essentials\/\"},{\"@type\":\"ListItem\",\"position\":2,\"name\":\"Produits\",\"item\":\"https:\/\/crobin.eleves.mediamatique.ch\/essertines_essentials\/boutique__trashed\/\"},{\"@type\":\"ListItem\",\"position\":3,\"name\":\"Papier toilette\"}]},{\"@type\":\"WebSite\",\"@id\":\"https:\/\/crobin.eleves.mediamatique.ch\/essertines_essentials\/#website\",\"url\":\"https:\/\/crobin.eleves.mediamatique.ch\/essertines_essentials\/\",\"name\":\"Essertines Essentials\",\"description\":\"\",\"publisher\":{\"@id\":\"https:\/\/crobin.eleves.mediamatique.ch\/essertines_essentials\/#organization\"},\"potentialAction\":[{\"@type\":\"SearchAction\",\"target\":{\"@type\":\"EntryPoint\",\"urlTemplate\":\"https:\/\/crobin.eleves.mediamatique.ch\/essertines_essentials\/?s={search_term_string}\"},\"query-input\":\"required name=search_term_string\"}],\"inLanguage\":\"fr-FR\"},{\"@type\":\"Organization\",\"@id\":\"https:\/\/crobin.eleves.mediamatique.ch\/essertines_essentials\/#organization\",\"name\":\"Essertines Essentials\",\"url\":\"https:\/\/crobin.eleves.mediamatique.ch\/essertines_essentials\/\",\"logo\":{\"@type\":\"ImageObject\",\"inLanguage\":\"fr-FR\",\"@id\":\"https:\/\/crobin.eleves.mediamatique.ch\/essertines_essentials\/#\/schema\/logo\/image\/\",\"url\":\"https:\/\/crobin.eleves.mediamatique.ch\/essertines_essentials\/wp-content\/uploads\/2024\/06\/6832-Converti-01.png\",\"contentUrl\":\"https:\/\/crobin.eleves.mediamatique.ch\/essertines_essentials\/wp-content\/uploads\/2024\/06\/6832-Converti-01.png\",\"width\":4675,\"height\":4675,\"caption\":\"Essertines Essentials\"},\"image\":{\"@id\":\"https:\/\/crobin.eleves.mediamatique.ch\/essertines_essentials\/#\/schema\/logo\/image\/\"}}]}<\/script>\n<!-- \/ Yoast SEO plugin. -->","yoast_head_json":{"title":"Papier toilette - Essertines Essentials","robots":{"index":"index","follow":"follow","max-snippet":"max-snippet:-1","max-image-preview":"max-image-preview:large","max-video-preview":"max-video-preview:-1"},"canonical":"https:\/\/crobin.eleves.mediamatique.ch\/essertines_essentials\/produit\/papier-toilette\/","og_locale":"fr_FR","og_type":"article","og_title":"Papier toilette - Essertines Essentials","og_description":"D\u00e9couvrez notre papier toilette de haute qualit\u00e9, disponible en deux options : doux et \u00e9pais. Con\u00e7u pour offrir un confort optimal, notre papier toilette doux est d\u00e9licatement moelleux pour une sensation de douceur in\u00e9gal\u00e9e. Pour ceux qui privil\u00e9gient la robustesse, notre papier toilette \u00e9pais offre une r\u00e9sistance sup\u00e9rieure tout en restant agr\u00e9ablement confortable. Choisissez la [&hellip;]","og_url":"https:\/\/crobin.eleves.mediamatique.ch\/essertines_essentials\/produit\/papier-toilette\/","og_site_name":"Essertines Essentials","article_modified_time":"2024-06-20T23:13:20+00:00","og_image":[{"width":1600,"height":1600,"url":"https:\/\/crobin.eleves.mediamatique.ch\/essertines_essentials\/wp-content\/uploads\/2024\/06\/619gsE3vAmL.jpg","type":"image\/jpeg"}],"twitter_card":"summary_large_image","schema":{"@context":"https:\/\/schema.org","@graph":[{"@type":"WebPage","@id":"https:\/\/crobin.eleves.mediamatique.ch\/essertines_essentials\/produit\/papier-toilette\/","url":"https:\/\/crobin.eleves.mediamatique.ch\/essertines_essentials\/produit\/papier-toilette\/","name":"Papier toilette - Essertines Essentials","isPartOf":{"@id":"https:\/\/crobin.eleves.mediamatique.ch\/essertines_essentials\/#website"},"primaryImageOfPage":{"@id":"https:\/\/crobin.eleves.mediamatique.ch\/essertines_essentials\/produit\/papier-toilette\/#primaryimage"},"image":{"@id":"https:\/\/crobin.eleves.mediamatique.ch\/essertines_essentials\/produit\/papier-toilette\/#primaryimage"},"thumbnailUrl":"https:\/\/crobin.eleves.mediamatique.ch\/essertines_essentials\/wp-content\/uploads\/2024\/06\/619gsE3vAmL.jpg","datePublished":"2024-06-20T21:20:48+00:00","dateModified":"2024-06-20T23:13:20+00:00","breadcrumb":{"@id":"https:\/\/crobin.eleves.mediamatique.ch\/essertines_essentials\/produit\/papier-toilette\/#breadcrumb"},"inLanguage":"fr-FR","potentialAction":[{"@type":"ReadAction","target":["https:\/\/crobin.eleves.mediamatique.ch\/essertines_essentials\/produit\/papier-toilette\/"]}]},{"@type":"ImageObject","inLanguage":"fr-FR","@id":"https:\/\/crobin.eleves.mediamatique.ch\/essertines_essentials\/produit\/papier-toilette\/#primaryimage","url":"https:\/\/crobin.eleves.mediamatique.ch\/essertines_essentials\/wp-content\/uploads\/2024\/06\/619gsE3vAmL.jpg","contentUrl":"https:\/\/crobin.eleves.mediamatique.ch\/essertines_essentials\/wp-content\/uploads\/2024\/06\/619gsE3vAmL.jpg","width":1600,"height":1600,"caption":"Version 1.0.0"},{"@type":"BreadcrumbList","@id":"https:\/\/crobin.eleves.mediamatique.ch\/essertines_essentials\/produit\/papier-toilette\/#breadcrumb","itemListElement":[{"@type":"ListItem","position":1,"name":"Accueil","item":"https:\/\/crobin.eleves.mediamatique.ch\/essertines_essentials\/"},{"@type":"ListItem","position":2,"name":"Produits","item":"https:\/\/crobin.eleves.mediamatique.ch\/essertines_essentials\/boutique__trashed\/"},{"@type":"ListItem","position":3,"name":"Papier toilette"}]},{"@type":"WebSite","@id":"https:\/\/crobin.eleves.mediamatique.ch\/essertines_essentials\/#website","url":"https:\/\/crobin.eleves.mediamatique.ch\/essertines_essentials\/","name":"Essertines Essentials","description":"","publisher":{"@id":"https:\/\/crobin.eleves.mediamatique.ch\/essertines_essentials\/#organization"},"potentialAction":[{"@type":"SearchAction","target":{"@type":"EntryPoint","urlTemplate":"https:\/\/crobin.eleves.mediamatique.ch\/essertines_essentials\/?s={search_term_string}"},"query-input":"required name=search_term_string"}],"inLanguage":"fr-FR"},{"@type":"Organization","@id":"https:\/\/crobin.eleves.mediamatique.ch\/essertines_essentials\/#organization","name":"Essertines Essentials","url":"https:\/\/crobin.eleves.mediamatique.ch\/essertines_essentials\/","logo":{"@type":"ImageObject","inLanguage":"fr-FR","@id":"https:\/\/crobin.eleves.mediamatique.ch\/essertines_essentials\/#\/schema\/logo\/image\/","url":"https:\/\/crobin.eleves.mediamatique.ch\/essertines_essentials\/wp-content\/uploads\/2024\/06\/6832-Converti-01.png","contentUrl":"https:\/\/crobin.eleves.mediamatique.ch\/essertines_essentials\/wp-content\/uploads\/2024\/06\/6832-Converti-01.png","width":4675,"height":4675,"caption":"Essertines Essentials"},"image":{"@id":"https:\/\/crobin.eleves.mediamatique.ch\/essertines_essentials\/#\/schema\/logo\/image\/"}}]}},"_links":{"self":[{"href":"https:\/\/crobin.eleves.mediamatique.ch\/essertines_essentials\/wp-json\/wp\/v2\/product\/152","targetHints":{"allow":["GET"]}}],"collection":[{"href":"https:\/\/crobin.eleves.mediamatique.ch\/essertines_essentials\/wp-json\/wp\/v2\/product"}],"about":[{"href":"https:\/\/crobin.eleves.mediamatique.ch\/essertines_essentials\/wp-json\/wp\/v2\/types\/product"}],"replies":[{"embeddable":true,"href":"https:\/\/crobin.eleves.mediamatique.ch\/essertines_essentials\/wp-json\/wp\/v2\/comments?post=152"}],"wp:featuredmedia":[{"embeddable":true,"href":"https:\/\/crobin.eleves.mediamatique.ch\/essertines_essentials\/wp-json\/wp\/v2\/media\/66"}],"wp:attachment":[{"href":"https:\/\/crobin.eleves.mediamatique.ch\/essertines_essentials\/wp-json\/wp\/v2\/media?parent=152"}],"wp:term":[{"taxonomy":"product_cat","embeddable":true,"href":"https:\/\/crobin.eleves.mediamatique.ch\/essertines_essentials\/wp-json\/wp\/v2\/product_cat?post=152"},{"taxonomy":"product_tag","embeddable":true,"href":"https:\/\/crobin.eleves.mediamatique.ch\/essertines_essentials\/wp-json\/wp\/v2\/product_tag?post=152"}],"curies":[{"name":"wp","href":"https:\/\/api.w.org\/{rel}","templated":true}]}}