{"id":153,"date":"2024-06-20T23:20:48","date_gmt":"2024-06-20T21:20:48","guid":{"rendered":"http:\/\/shmuel"},"modified":"2024-06-21T01:13:48","modified_gmt":"2024-06-20T23:13:48","slug":"dentifrice","status":"publish","type":"product","link":"https:\/\/crobin.eleves.mediamatique.ch\/essertines_essentials\/produit\/dentifrice\/","title":{"rendered":"Dentifrice"},"content":{"rendered":"<p>D\u00e9couvrez notre dentifrice \u00e0 la menthe, con\u00e7u pour offrir une hygi\u00e8ne bucco-dentaire optimale. Enrichi en extraits naturels de menthe, il nettoie efficacement tout en rafra\u00eechissant l&rsquo;haleine avec une saveur de menthe intense. Sa formule douce sans parab\u00e8nes ni sulfates prot\u00e8ge l&rsquo;\u00e9mail et les gencives, tout en assurant une sensation de fra\u00eecheur durable. Parfait pour toute la famille, ce dentifrice rend votre routine de soins bucco-dentaires \u00e0 la fois efficace et revigorante.<\/p>\n","protected":false},"excerpt":{"rendered":"<p>D\u00e9couvrez notre dentifrice \u00e0 la menthe, con\u00e7u pour offrir une hygi\u00e8ne bucco-dentaire optimale. Enrichi en extraits naturels de menthe, il nettoie efficacement tout en rafra\u00eechissant l&rsquo;haleine avec une saveur de menthe intense. Sa formule douce sans parab\u00e8nes ni sulfates prot\u00e8ge l&rsquo;\u00e9mail et les gencives, tout en assurant une sensation de fra\u00eecheur durable. Parfait pour toute [&hellip;]<\/p>\n","protected":false},"featured_media":44,"comment_status":"open","ping_status":"closed","template":"","meta":[],"product_cat":[27],"product_tag":[],"class_list":{"0":"post-153","1":"product","2":"type-product","3":"status-publish","4":"has-post-thumbnail","6":"product_cat-uncategorized","8":"first","9":"instock","10":"sale","11":"featured","12":"shipping-taxable","13":"purchasable","14":"product-type-variable"},"yoast_head":"<!-- This site is optimized with the Yoast SEO plugin v22.9 - https:\/\/yoast.com\/wordpress\/plugins\/seo\/ -->\n<title>Dentifrice - Essertines Essentials<\/title>\n<meta name=\"robots\" content=\"index, follow, max-snippet:-1, max-image-preview:large, max-video-preview:-1\" \/>\n<link rel=\"canonical\" href=\"https:\/\/crobin.eleves.mediamatique.ch\/essertines_essentials\/produit\/dentifrice\/\" \/>\n<meta property=\"og:locale\" content=\"fr_FR\" \/>\n<meta property=\"og:type\" content=\"article\" \/>\n<meta property=\"og:title\" content=\"Dentifrice - Essertines Essentials\" \/>\n<meta property=\"og:description\" content=\"D\u00e9couvrez notre dentifrice \u00e0 la menthe, con\u00e7u pour offrir une hygi\u00e8ne bucco-dentaire optimale. Enrichi en extraits naturels de menthe, il nettoie efficacement tout en rafra\u00eechissant l&rsquo;haleine avec une saveur de menthe intense. Sa formule douce sans parab\u00e8nes ni sulfates prot\u00e8ge l&rsquo;\u00e9mail et les gencives, tout en assurant une sensation de fra\u00eecheur durable. Parfait pour toute [&hellip;]\" \/>\n<meta property=\"og:url\" content=\"https:\/\/crobin.eleves.mediamatique.ch\/essertines_essentials\/produit\/dentifrice\/\" \/>\n<meta property=\"og:site_name\" content=\"Essertines Essentials\" \/>\n<meta property=\"article:modified_time\" content=\"2024-06-20T23:13:48+00:00\" \/>\n<meta property=\"og:image\" content=\"https:\/\/crobin.eleves.mediamatique.ch\/essertines_essentials\/wp-content\/uploads\/2024\/06\/IMG_3214_3000x_f74a8101-35a0-453f-a8dc-235f122dee33_900x.webp\" \/>\n\t<meta property=\"og:image:width\" content=\"900\" \/>\n\t<meta property=\"og:image:height\" content=\"900\" \/>\n\t<meta property=\"og:image:type\" content=\"image\/webp\" \/>\n<meta name=\"twitter:card\" content=\"summary_large_image\" \/>\n<script type=\"application\/ld+json\" class=\"yoast-schema-graph\">{\"@context\":\"https:\/\/schema.org\",\"@graph\":[{\"@type\":\"WebPage\",\"@id\":\"https:\/\/crobin.eleves.mediamatique.ch\/essertines_essentials\/produit\/dentifrice\/\",\"url\":\"https:\/\/crobin.eleves.mediamatique.ch\/essertines_essentials\/produit\/dentifrice\/\",\"name\":\"Dentifrice - Essertines Essentials\",\"isPartOf\":{\"@id\":\"https:\/\/crobin.eleves.mediamatique.ch\/essertines_essentials\/#website\"},\"primaryImageOfPage\":{\"@id\":\"https:\/\/crobin.eleves.mediamatique.ch\/essertines_essentials\/produit\/dentifrice\/#primaryimage\"},\"image\":{\"@id\":\"https:\/\/crobin.eleves.mediamatique.ch\/essertines_essentials\/produit\/dentifrice\/#primaryimage\"},\"thumbnailUrl\":\"https:\/\/crobin.eleves.mediamatique.ch\/essertines_essentials\/wp-content\/uploads\/2024\/06\/IMG_3214_3000x_f74a8101-35a0-453f-a8dc-235f122dee33_900x.webp\",\"datePublished\":\"2024-06-20T21:20:48+00:00\",\"dateModified\":\"2024-06-20T23:13:48+00:00\",\"breadcrumb\":{\"@id\":\"https:\/\/crobin.eleves.mediamatique.ch\/essertines_essentials\/produit\/dentifrice\/#breadcrumb\"},\"inLanguage\":\"fr-FR\",\"potentialAction\":[{\"@type\":\"ReadAction\",\"target\":[\"https:\/\/crobin.eleves.mediamatique.ch\/essertines_essentials\/produit\/dentifrice\/\"]}]},{\"@type\":\"ImageObject\",\"inLanguage\":\"fr-FR\",\"@id\":\"https:\/\/crobin.eleves.mediamatique.ch\/essertines_essentials\/produit\/dentifrice\/#primaryimage\",\"url\":\"https:\/\/crobin.eleves.mediamatique.ch\/essertines_essentials\/wp-content\/uploads\/2024\/06\/IMG_3214_3000x_f74a8101-35a0-453f-a8dc-235f122dee33_900x.webp\",\"contentUrl\":\"https:\/\/crobin.eleves.mediamatique.ch\/essertines_essentials\/wp-content\/uploads\/2024\/06\/IMG_3214_3000x_f74a8101-35a0-453f-a8dc-235f122dee33_900x.webp\",\"width\":900,\"height\":900},{\"@type\":\"BreadcrumbList\",\"@id\":\"https:\/\/crobin.eleves.mediamatique.ch\/essertines_essentials\/produit\/dentifrice\/#breadcrumb\",\"itemListElement\":[{\"@type\":\"ListItem\",\"position\":1,\"name\":\"Accueil\",\"item\":\"https:\/\/crobin.eleves.mediamatique.ch\/essertines_essentials\/\"},{\"@type\":\"ListItem\",\"position\":2,\"name\":\"Produits\",\"item\":\"https:\/\/crobin.eleves.mediamatique.ch\/essertines_essentials\/boutique__trashed\/\"},{\"@type\":\"ListItem\",\"position\":3,\"name\":\"Dentifrice\"}]},{\"@type\":\"WebSite\",\"@id\":\"https:\/\/crobin.eleves.mediamatique.ch\/essertines_essentials\/#website\",\"url\":\"https:\/\/crobin.eleves.mediamatique.ch\/essertines_essentials\/\",\"name\":\"Essertines Essentials\",\"description\":\"\",\"publisher\":{\"@id\":\"https:\/\/crobin.eleves.mediamatique.ch\/essertines_essentials\/#organization\"},\"potentialAction\":[{\"@type\":\"SearchAction\",\"target\":{\"@type\":\"EntryPoint\",\"urlTemplate\":\"https:\/\/crobin.eleves.mediamatique.ch\/essertines_essentials\/?s={search_term_string}\"},\"query-input\":\"required name=search_term_string\"}],\"inLanguage\":\"fr-FR\"},{\"@type\":\"Organization\",\"@id\":\"https:\/\/crobin.eleves.mediamatique.ch\/essertines_essentials\/#organization\",\"name\":\"Essertines Essentials\",\"url\":\"https:\/\/crobin.eleves.mediamatique.ch\/essertines_essentials\/\",\"logo\":{\"@type\":\"ImageObject\",\"inLanguage\":\"fr-FR\",\"@id\":\"https:\/\/crobin.eleves.mediamatique.ch\/essertines_essentials\/#\/schema\/logo\/image\/\",\"url\":\"https:\/\/crobin.eleves.mediamatique.ch\/essertines_essentials\/wp-content\/uploads\/2024\/06\/6832-Converti-01.png\",\"contentUrl\":\"https:\/\/crobin.eleves.mediamatique.ch\/essertines_essentials\/wp-content\/uploads\/2024\/06\/6832-Converti-01.png\",\"width\":4675,\"height\":4675,\"caption\":\"Essertines Essentials\"},\"image\":{\"@id\":\"https:\/\/crobin.eleves.mediamatique.ch\/essertines_essentials\/#\/schema\/logo\/image\/\"}}]}<\/script>\n<!-- \/ Yoast SEO plugin. -->","yoast_head_json":{"title":"Dentifrice - Essertines Essentials","robots":{"index":"index","follow":"follow","max-snippet":"max-snippet:-1","max-image-preview":"max-image-preview:large","max-video-preview":"max-video-preview:-1"},"canonical":"https:\/\/crobin.eleves.mediamatique.ch\/essertines_essentials\/produit\/dentifrice\/","og_locale":"fr_FR","og_type":"article","og_title":"Dentifrice - Essertines Essentials","og_description":"D\u00e9couvrez notre dentifrice \u00e0 la menthe, con\u00e7u pour offrir une hygi\u00e8ne bucco-dentaire optimale. Enrichi en extraits naturels de menthe, il nettoie efficacement tout en rafra\u00eechissant l&rsquo;haleine avec une saveur de menthe intense. Sa formule douce sans parab\u00e8nes ni sulfates prot\u00e8ge l&rsquo;\u00e9mail et les gencives, tout en assurant une sensation de fra\u00eecheur durable. Parfait pour toute [&hellip;]","og_url":"https:\/\/crobin.eleves.mediamatique.ch\/essertines_essentials\/produit\/dentifrice\/","og_site_name":"Essertines Essentials","article_modified_time":"2024-06-20T23:13:48+00:00","og_image":[{"width":900,"height":900,"url":"https:\/\/crobin.eleves.mediamatique.ch\/essertines_essentials\/wp-content\/uploads\/2024\/06\/IMG_3214_3000x_f74a8101-35a0-453f-a8dc-235f122dee33_900x.webp","type":"image\/webp"}],"twitter_card":"summary_large_image","schema":{"@context":"https:\/\/schema.org","@graph":[{"@type":"WebPage","@id":"https:\/\/crobin.eleves.mediamatique.ch\/essertines_essentials\/produit\/dentifrice\/","url":"https:\/\/crobin.eleves.mediamatique.ch\/essertines_essentials\/produit\/dentifrice\/","name":"Dentifrice - Essertines Essentials","isPartOf":{"@id":"https:\/\/crobin.eleves.mediamatique.ch\/essertines_essentials\/#website"},"primaryImageOfPage":{"@id":"https:\/\/crobin.eleves.mediamatique.ch\/essertines_essentials\/produit\/dentifrice\/#primaryimage"},"image":{"@id":"https:\/\/crobin.eleves.mediamatique.ch\/essertines_essentials\/produit\/dentifrice\/#primaryimage"},"thumbnailUrl":"https:\/\/crobin.eleves.mediamatique.ch\/essertines_essentials\/wp-content\/uploads\/2024\/06\/IMG_3214_3000x_f74a8101-35a0-453f-a8dc-235f122dee33_900x.webp","datePublished":"2024-06-20T21:20:48+00:00","dateModified":"2024-06-20T23:13:48+00:00","breadcrumb":{"@id":"https:\/\/crobin.eleves.mediamatique.ch\/essertines_essentials\/produit\/dentifrice\/#breadcrumb"},"inLanguage":"fr-FR","potentialAction":[{"@type":"ReadAction","target":["https:\/\/crobin.eleves.mediamatique.ch\/essertines_essentials\/produit\/dentifrice\/"]}]},{"@type":"ImageObject","inLanguage":"fr-FR","@id":"https:\/\/crobin.eleves.mediamatique.ch\/essertines_essentials\/produit\/dentifrice\/#primaryimage","url":"https:\/\/crobin.eleves.mediamatique.ch\/essertines_essentials\/wp-content\/uploads\/2024\/06\/IMG_3214_3000x_f74a8101-35a0-453f-a8dc-235f122dee33_900x.webp","contentUrl":"https:\/\/crobin.eleves.mediamatique.ch\/essertines_essentials\/wp-content\/uploads\/2024\/06\/IMG_3214_3000x_f74a8101-35a0-453f-a8dc-235f122dee33_900x.webp","width":900,"height":900},{"@type":"BreadcrumbList","@id":"https:\/\/crobin.eleves.mediamatique.ch\/essertines_essentials\/produit\/dentifrice\/#breadcrumb","itemListElement":[{"@type":"ListItem","position":1,"name":"Accueil","item":"https:\/\/crobin.eleves.mediamatique.ch\/essertines_essentials\/"},{"@type":"ListItem","position":2,"name":"Produits","item":"https:\/\/crobin.eleves.mediamatique.ch\/essertines_essentials\/boutique__trashed\/"},{"@type":"ListItem","position":3,"name":"Dentifrice"}]},{"@type":"WebSite","@id":"https:\/\/crobin.eleves.mediamatique.ch\/essertines_essentials\/#website","url":"https:\/\/crobin.eleves.mediamatique.ch\/essertines_essentials\/","name":"Essertines Essentials","description":"","publisher":{"@id":"https:\/\/crobin.eleves.mediamatique.ch\/essertines_essentials\/#organization"},"potentialAction":[{"@type":"SearchAction","target":{"@type":"EntryPoint","urlTemplate":"https:\/\/crobin.eleves.mediamatique.ch\/essertines_essentials\/?s={search_term_string}"},"query-input":"required name=search_term_string"}],"inLanguage":"fr-FR"},{"@type":"Organization","@id":"https:\/\/crobin.eleves.mediamatique.ch\/essertines_essentials\/#organization","name":"Essertines Essentials","url":"https:\/\/crobin.eleves.mediamatique.ch\/essertines_essentials\/","logo":{"@type":"ImageObject","inLanguage":"fr-FR","@id":"https:\/\/crobin.eleves.mediamatique.ch\/essertines_essentials\/#\/schema\/logo\/image\/","url":"https:\/\/crobin.eleves.mediamatique.ch\/essertines_essentials\/wp-content\/uploads\/2024\/06\/6832-Converti-01.png","contentUrl":"https:\/\/crobin.eleves.mediamatique.ch\/essertines_essentials\/wp-content\/uploads\/2024\/06\/6832-Converti-01.png","width":4675,"height":4675,"caption":"Essertines Essentials"},"image":{"@id":"https:\/\/crobin.eleves.mediamatique.ch\/essertines_essentials\/#\/schema\/logo\/image\/"}}]}},"_links":{"self":[{"href":"https:\/\/crobin.eleves.mediamatique.ch\/essertines_essentials\/wp-json\/wp\/v2\/product\/153","targetHints":{"allow":["GET"]}}],"collection":[{"href":"https:\/\/crobin.eleves.mediamatique.ch\/essertines_essentials\/wp-json\/wp\/v2\/product"}],"about":[{"href":"https:\/\/crobin.eleves.mediamatique.ch\/essertines_essentials\/wp-json\/wp\/v2\/types\/product"}],"replies":[{"embeddable":true,"href":"https:\/\/crobin.eleves.mediamatique.ch\/essertines_essentials\/wp-json\/wp\/v2\/comments?post=153"}],"wp:featuredmedia":[{"embeddable":true,"href":"https:\/\/crobin.eleves.mediamatique.ch\/essertines_essentials\/wp-json\/wp\/v2\/media\/44"}],"wp:attachment":[{"href":"https:\/\/crobin.eleves.mediamatique.ch\/essertines_essentials\/wp-json\/wp\/v2\/media?parent=153"}],"wp:term":[{"taxonomy":"product_cat","embeddable":true,"href":"https:\/\/crobin.eleves.mediamatique.ch\/essertines_essentials\/wp-json\/wp\/v2\/product_cat?post=153"},{"taxonomy":"product_tag","embeddable":true,"href":"https:\/\/crobin.eleves.mediamatique.ch\/essertines_essentials\/wp-json\/wp\/v2\/product_tag?post=153"}],"curies":[{"name":"wp","href":"https:\/\/api.w.org\/{rel}","templated":true}]}}