{"id":154,"date":"2024-06-20T23:20:48","date_gmt":"2024-06-20T21:20:48","guid":{"rendered":"http:\/\/shmuel"},"modified":"2024-06-21T02:40:04","modified_gmt":"2024-06-21T00:40:04","slug":"savon-mains","status":"publish","type":"product","link":"https:\/\/crobin.eleves.mediamatique.ch\/essertines_essentials\/produit\/savon-mains\/","title":{"rendered":"Savon pour les mains"},"content":{"rendered":"<p>Notre savon liquide pour les mains \u00e0 l&rsquo;orange offre un nettoyage en profondeur avec une mousse onctueuse et douce. Enrichi en extraits naturels d&rsquo;orange, il hydrate et parfume d\u00e9licatement vos mains d&rsquo;une senteur d&rsquo;agrumes rafra\u00eechissante. Sa formule sans parab\u00e8nes ni sulfates respecte l&rsquo;\u00e9quilibre de votre peau, tandis que sa bouteille pratique avec pompe doseuse assure une utilisation facile et \u00e9conomique. Id\u00e9al pour toute la famille et parfait pour ajouter une touche de fra\u00eecheur fruit\u00e9e \u00e0 votre quotidien.<\/p>\n","protected":false},"excerpt":{"rendered":"<p>Notre savon liquide pour les mains \u00e0 l&rsquo;orange offre un nettoyage en profondeur avec une mousse onctueuse et douce. Enrichi en extraits naturels d&rsquo;orange, il hydrate et parfume d\u00e9licatement vos mains d&rsquo;une senteur d&rsquo;agrumes rafra\u00eechissante. Sa formule sans parab\u00e8nes ni sulfates respecte l&rsquo;\u00e9quilibre de votre peau, tandis que sa bouteille pratique avec pompe doseuse assure [&hellip;]<\/p>\n","protected":false},"featured_media":40,"comment_status":"open","ping_status":"closed","template":"","meta":[],"product_cat":[27],"product_tag":[],"class_list":{"0":"post-154","1":"product","2":"type-product","3":"status-publish","4":"has-post-thumbnail","6":"product_cat-uncategorized","8":"first","9":"instock","10":"featured","11":"shipping-taxable","12":"purchasable","13":"product-type-variable"},"yoast_head":"<!-- This site is optimized with the Yoast SEO plugin v22.9 - https:\/\/yoast.com\/wordpress\/plugins\/seo\/ -->\n<title>Savon pour les mains - Essertines Essentials<\/title>\n<meta name=\"robots\" content=\"index, follow, max-snippet:-1, max-image-preview:large, max-video-preview:-1\" \/>\n<link rel=\"canonical\" href=\"https:\/\/crobin.eleves.mediamatique.ch\/essertines_essentials\/produit\/savon-mains\/\" \/>\n<meta property=\"og:locale\" content=\"fr_FR\" \/>\n<meta property=\"og:type\" content=\"article\" \/>\n<meta property=\"og:title\" content=\"Savon pour les mains - Essertines Essentials\" \/>\n<meta property=\"og:description\" content=\"Notre savon liquide pour les mains \u00e0 l&rsquo;orange offre un nettoyage en profondeur avec une mousse onctueuse et douce. Enrichi en extraits naturels d&rsquo;orange, il hydrate et parfume d\u00e9licatement vos mains d&rsquo;une senteur d&rsquo;agrumes rafra\u00eechissante. Sa formule sans parab\u00e8nes ni sulfates respecte l&rsquo;\u00e9quilibre de votre peau, tandis que sa bouteille pratique avec pompe doseuse assure [&hellip;]\" \/>\n<meta property=\"og:url\" content=\"https:\/\/crobin.eleves.mediamatique.ch\/essertines_essentials\/produit\/savon-mains\/\" \/>\n<meta property=\"og:site_name\" content=\"Essertines Essentials\" \/>\n<meta property=\"article:modified_time\" content=\"2024-06-21T00:40:04+00:00\" \/>\n<meta property=\"og:image\" content=\"https:\/\/crobin.eleves.mediamatique.ch\/essertines_essentials\/wp-content\/uploads\/2024\/06\/1006070-le-petit-olivier-pur-savon-liquide-de-marseille-fleur-oranger-section-4.jpg\" \/>\n\t<meta property=\"og:image:width\" content=\"1350\" \/>\n\t<meta property=\"og:image:height\" content=\"1350\" \/>\n\t<meta property=\"og:image:type\" content=\"image\/jpeg\" \/>\n<meta name=\"twitter:card\" content=\"summary_large_image\" \/>\n<script type=\"application\/ld+json\" class=\"yoast-schema-graph\">{\"@context\":\"https:\/\/schema.org\",\"@graph\":[{\"@type\":\"WebPage\",\"@id\":\"https:\/\/crobin.eleves.mediamatique.ch\/essertines_essentials\/produit\/savon-mains\/\",\"url\":\"https:\/\/crobin.eleves.mediamatique.ch\/essertines_essentials\/produit\/savon-mains\/\",\"name\":\"Savon pour les mains - Essertines Essentials\",\"isPartOf\":{\"@id\":\"https:\/\/crobin.eleves.mediamatique.ch\/essertines_essentials\/#website\"},\"primaryImageOfPage\":{\"@id\":\"https:\/\/crobin.eleves.mediamatique.ch\/essertines_essentials\/produit\/savon-mains\/#primaryimage\"},\"image\":{\"@id\":\"https:\/\/crobin.eleves.mediamatique.ch\/essertines_essentials\/produit\/savon-mains\/#primaryimage\"},\"thumbnailUrl\":\"https:\/\/crobin.eleves.mediamatique.ch\/essertines_essentials\/wp-content\/uploads\/2024\/06\/1006070-le-petit-olivier-pur-savon-liquide-de-marseille-fleur-oranger-section-4.jpg\",\"datePublished\":\"2024-06-20T21:20:48+00:00\",\"dateModified\":\"2024-06-21T00:40:04+00:00\",\"breadcrumb\":{\"@id\":\"https:\/\/crobin.eleves.mediamatique.ch\/essertines_essentials\/produit\/savon-mains\/#breadcrumb\"},\"inLanguage\":\"fr-FR\",\"potentialAction\":[{\"@type\":\"ReadAction\",\"target\":[\"https:\/\/crobin.eleves.mediamatique.ch\/essertines_essentials\/produit\/savon-mains\/\"]}]},{\"@type\":\"ImageObject\",\"inLanguage\":\"fr-FR\",\"@id\":\"https:\/\/crobin.eleves.mediamatique.ch\/essertines_essentials\/produit\/savon-mains\/#primaryimage\",\"url\":\"https:\/\/crobin.eleves.mediamatique.ch\/essertines_essentials\/wp-content\/uploads\/2024\/06\/1006070-le-petit-olivier-pur-savon-liquide-de-marseille-fleur-oranger-section-4.jpg\",\"contentUrl\":\"https:\/\/crobin.eleves.mediamatique.ch\/essertines_essentials\/wp-content\/uploads\/2024\/06\/1006070-le-petit-olivier-pur-savon-liquide-de-marseille-fleur-oranger-section-4.jpg\",\"width\":1350,\"height\":1350},{\"@type\":\"BreadcrumbList\",\"@id\":\"https:\/\/crobin.eleves.mediamatique.ch\/essertines_essentials\/produit\/savon-mains\/#breadcrumb\",\"itemListElement\":[{\"@type\":\"ListItem\",\"position\":1,\"name\":\"Accueil\",\"item\":\"https:\/\/crobin.eleves.mediamatique.ch\/essertines_essentials\/\"},{\"@type\":\"ListItem\",\"position\":2,\"name\":\"Produits\",\"item\":\"https:\/\/crobin.eleves.mediamatique.ch\/essertines_essentials\/boutique__trashed\/\"},{\"@type\":\"ListItem\",\"position\":3,\"name\":\"Savon pour les mains\"}]},{\"@type\":\"WebSite\",\"@id\":\"https:\/\/crobin.eleves.mediamatique.ch\/essertines_essentials\/#website\",\"url\":\"https:\/\/crobin.eleves.mediamatique.ch\/essertines_essentials\/\",\"name\":\"Essertines Essentials\",\"description\":\"\",\"publisher\":{\"@id\":\"https:\/\/crobin.eleves.mediamatique.ch\/essertines_essentials\/#organization\"},\"potentialAction\":[{\"@type\":\"SearchAction\",\"target\":{\"@type\":\"EntryPoint\",\"urlTemplate\":\"https:\/\/crobin.eleves.mediamatique.ch\/essertines_essentials\/?s={search_term_string}\"},\"query-input\":\"required name=search_term_string\"}],\"inLanguage\":\"fr-FR\"},{\"@type\":\"Organization\",\"@id\":\"https:\/\/crobin.eleves.mediamatique.ch\/essertines_essentials\/#organization\",\"name\":\"Essertines Essentials\",\"url\":\"https:\/\/crobin.eleves.mediamatique.ch\/essertines_essentials\/\",\"logo\":{\"@type\":\"ImageObject\",\"inLanguage\":\"fr-FR\",\"@id\":\"https:\/\/crobin.eleves.mediamatique.ch\/essertines_essentials\/#\/schema\/logo\/image\/\",\"url\":\"https:\/\/crobin.eleves.mediamatique.ch\/essertines_essentials\/wp-content\/uploads\/2024\/06\/6832-Converti-01.png\",\"contentUrl\":\"https:\/\/crobin.eleves.mediamatique.ch\/essertines_essentials\/wp-content\/uploads\/2024\/06\/6832-Converti-01.png\",\"width\":4675,\"height\":4675,\"caption\":\"Essertines Essentials\"},\"image\":{\"@id\":\"https:\/\/crobin.eleves.mediamatique.ch\/essertines_essentials\/#\/schema\/logo\/image\/\"}}]}<\/script>\n<!-- \/ Yoast SEO plugin. -->","yoast_head_json":{"title":"Savon pour les mains - Essertines Essentials","robots":{"index":"index","follow":"follow","max-snippet":"max-snippet:-1","max-image-preview":"max-image-preview:large","max-video-preview":"max-video-preview:-1"},"canonical":"https:\/\/crobin.eleves.mediamatique.ch\/essertines_essentials\/produit\/savon-mains\/","og_locale":"fr_FR","og_type":"article","og_title":"Savon pour les mains - Essertines Essentials","og_description":"Notre savon liquide pour les mains \u00e0 l&rsquo;orange offre un nettoyage en profondeur avec une mousse onctueuse et douce. Enrichi en extraits naturels d&rsquo;orange, il hydrate et parfume d\u00e9licatement vos mains d&rsquo;une senteur d&rsquo;agrumes rafra\u00eechissante. Sa formule sans parab\u00e8nes ni sulfates respecte l&rsquo;\u00e9quilibre de votre peau, tandis que sa bouteille pratique avec pompe doseuse assure [&hellip;]","og_url":"https:\/\/crobin.eleves.mediamatique.ch\/essertines_essentials\/produit\/savon-mains\/","og_site_name":"Essertines Essentials","article_modified_time":"2024-06-21T00:40:04+00:00","og_image":[{"width":1350,"height":1350,"url":"https:\/\/crobin.eleves.mediamatique.ch\/essertines_essentials\/wp-content\/uploads\/2024\/06\/1006070-le-petit-olivier-pur-savon-liquide-de-marseille-fleur-oranger-section-4.jpg","type":"image\/jpeg"}],"twitter_card":"summary_large_image","schema":{"@context":"https:\/\/schema.org","@graph":[{"@type":"WebPage","@id":"https:\/\/crobin.eleves.mediamatique.ch\/essertines_essentials\/produit\/savon-mains\/","url":"https:\/\/crobin.eleves.mediamatique.ch\/essertines_essentials\/produit\/savon-mains\/","name":"Savon pour les mains - Essertines Essentials","isPartOf":{"@id":"https:\/\/crobin.eleves.mediamatique.ch\/essertines_essentials\/#website"},"primaryImageOfPage":{"@id":"https:\/\/crobin.eleves.mediamatique.ch\/essertines_essentials\/produit\/savon-mains\/#primaryimage"},"image":{"@id":"https:\/\/crobin.eleves.mediamatique.ch\/essertines_essentials\/produit\/savon-mains\/#primaryimage"},"thumbnailUrl":"https:\/\/crobin.eleves.mediamatique.ch\/essertines_essentials\/wp-content\/uploads\/2024\/06\/1006070-le-petit-olivier-pur-savon-liquide-de-marseille-fleur-oranger-section-4.jpg","datePublished":"2024-06-20T21:20:48+00:00","dateModified":"2024-06-21T00:40:04+00:00","breadcrumb":{"@id":"https:\/\/crobin.eleves.mediamatique.ch\/essertines_essentials\/produit\/savon-mains\/#breadcrumb"},"inLanguage":"fr-FR","potentialAction":[{"@type":"ReadAction","target":["https:\/\/crobin.eleves.mediamatique.ch\/essertines_essentials\/produit\/savon-mains\/"]}]},{"@type":"ImageObject","inLanguage":"fr-FR","@id":"https:\/\/crobin.eleves.mediamatique.ch\/essertines_essentials\/produit\/savon-mains\/#primaryimage","url":"https:\/\/crobin.eleves.mediamatique.ch\/essertines_essentials\/wp-content\/uploads\/2024\/06\/1006070-le-petit-olivier-pur-savon-liquide-de-marseille-fleur-oranger-section-4.jpg","contentUrl":"https:\/\/crobin.eleves.mediamatique.ch\/essertines_essentials\/wp-content\/uploads\/2024\/06\/1006070-le-petit-olivier-pur-savon-liquide-de-marseille-fleur-oranger-section-4.jpg","width":1350,"height":1350},{"@type":"BreadcrumbList","@id":"https:\/\/crobin.eleves.mediamatique.ch\/essertines_essentials\/produit\/savon-mains\/#breadcrumb","itemListElement":[{"@type":"ListItem","position":1,"name":"Accueil","item":"https:\/\/crobin.eleves.mediamatique.ch\/essertines_essentials\/"},{"@type":"ListItem","position":2,"name":"Produits","item":"https:\/\/crobin.eleves.mediamatique.ch\/essertines_essentials\/boutique__trashed\/"},{"@type":"ListItem","position":3,"name":"Savon pour les mains"}]},{"@type":"WebSite","@id":"https:\/\/crobin.eleves.mediamatique.ch\/essertines_essentials\/#website","url":"https:\/\/crobin.eleves.mediamatique.ch\/essertines_essentials\/","name":"Essertines Essentials","description":"","publisher":{"@id":"https:\/\/crobin.eleves.mediamatique.ch\/essertines_essentials\/#organization"},"potentialAction":[{"@type":"SearchAction","target":{"@type":"EntryPoint","urlTemplate":"https:\/\/crobin.eleves.mediamatique.ch\/essertines_essentials\/?s={search_term_string}"},"query-input":"required name=search_term_string"}],"inLanguage":"fr-FR"},{"@type":"Organization","@id":"https:\/\/crobin.eleves.mediamatique.ch\/essertines_essentials\/#organization","name":"Essertines Essentials","url":"https:\/\/crobin.eleves.mediamatique.ch\/essertines_essentials\/","logo":{"@type":"ImageObject","inLanguage":"fr-FR","@id":"https:\/\/crobin.eleves.mediamatique.ch\/essertines_essentials\/#\/schema\/logo\/image\/","url":"https:\/\/crobin.eleves.mediamatique.ch\/essertines_essentials\/wp-content\/uploads\/2024\/06\/6832-Converti-01.png","contentUrl":"https:\/\/crobin.eleves.mediamatique.ch\/essertines_essentials\/wp-content\/uploads\/2024\/06\/6832-Converti-01.png","width":4675,"height":4675,"caption":"Essertines Essentials"},"image":{"@id":"https:\/\/crobin.eleves.mediamatique.ch\/essertines_essentials\/#\/schema\/logo\/image\/"}}]}},"_links":{"self":[{"href":"https:\/\/crobin.eleves.mediamatique.ch\/essertines_essentials\/wp-json\/wp\/v2\/product\/154","targetHints":{"allow":["GET"]}}],"collection":[{"href":"https:\/\/crobin.eleves.mediamatique.ch\/essertines_essentials\/wp-json\/wp\/v2\/product"}],"about":[{"href":"https:\/\/crobin.eleves.mediamatique.ch\/essertines_essentials\/wp-json\/wp\/v2\/types\/product"}],"replies":[{"embeddable":true,"href":"https:\/\/crobin.eleves.mediamatique.ch\/essertines_essentials\/wp-json\/wp\/v2\/comments?post=154"}],"wp:featuredmedia":[{"embeddable":true,"href":"https:\/\/crobin.eleves.mediamatique.ch\/essertines_essentials\/wp-json\/wp\/v2\/media\/40"}],"wp:attachment":[{"href":"https:\/\/crobin.eleves.mediamatique.ch\/essertines_essentials\/wp-json\/wp\/v2\/media?parent=154"}],"wp:term":[{"taxonomy":"product_cat","embeddable":true,"href":"https:\/\/crobin.eleves.mediamatique.ch\/essertines_essentials\/wp-json\/wp\/v2\/product_cat?post=154"},{"taxonomy":"product_tag","embeddable":true,"href":"https:\/\/crobin.eleves.mediamatique.ch\/essertines_essentials\/wp-json\/wp\/v2\/product_tag?post=154"}],"curies":[{"name":"wp","href":"https:\/\/api.w.org\/{rel}","templated":true}]}}